{"id":2812,"date":"2022-02-08T11:16:56","date_gmt":"2022-02-08T11:16:56","guid":{"rendered":"http:\/\/whiteroseproject.seh.ox.ac.uk\/?page_id=2812"},"modified":"2022-02-08T11:16:56","modified_gmt":"2022-02-08T11:16:56","slug":"the-second-leaflet","status":"publish","type":"page","link":"https:\/\/whiteroseproject.seh.ox.ac.uk\/index.php\/the-second-leaflet\/","title":{"rendered":"The Second Leaflet"},"content":{"rendered":"\n<p>This is the second leaflet written and distributed by the White Rose between 27 June and 12 July 1942. It includes quotations by the ancient Chinese philosopher <a href=\"https:\/\/en.wikipedia.org\/wiki\/Laozi\">Lao Tzu<\/a>. <\/p>\n\n\n\n<p>Flugbl\u00e4tter der Wei\u00dfen Rose II<\/p>\n\n\n\n<p>Man kann sich mit dem Nationalsozialismus geistig nicht auseinandersetzen, weil er ungeistig ist. Es ist falsch, wenn man von einer nationalsozialistischen Weltanschauung spricht, denn, wenn es diese g\u00e4be, m\u00fc\u00dfte man versuchen, sie mit geistigen Mitteln zu beweisen oder zu bek\u00e4mpfen \u2013 die Wirklichkeit aber bietet uns ein v\u00f6llig anderes Bild; schon in ihrem ersten Keim war diese Bewegung auf den Betrug des Mitmenschen angewiesen, schon damals war sie im Innersten verfault und konnte sich nur durch die stete L\u00fcge retten. Schreibt doch Hitler selbst in einer fr\u00fchen Auflage \u201eseines\u201c Buches (ein Buch, das in dem \u00fcbelsten Deutsch geschrieben worden ist, das ich je gelesen habe; dennoch ist es von dem Volke der Dichter und Denker zur Bibel erhoben worden): \u201eMan glaubt nicht, wie man ein Volk betr\u00fcgen mu\u00df, um es zu regieren.\u201c Wenn sich nun am Anfang dieses Krebsgeschw\u00fcr des Deutschen Volkes noch nicht allzusehr bemerkbar gemacht hatte, so nur deshalb, weil noch gute Kr\u00e4fte genug am Werk waren, es zur\u00fcckzuhalten. Wie es aber gr\u00f6\u00dfer und gr\u00f6\u00dfer wurde und schlie\u00dflich mittels einer letzten gemeinen Korruption zur Macht kam, das Geschw\u00fcr gleichsam aufbrach und den ganzen K\u00f6rper besudelte, versteckte sich die Mehrzahl der fr\u00fcheren Gegner, fl\u00fcchtete die deutsche Intelligenz in ein Kellerloch, um dort als Nachtschattengew\u00e4chs, dem Licht und der Sonne verborgen, allm\u00e4hlich zu ersticken. Jetzt stehen wir vor dem Ende. Jetzt kommt es darauf an, sich gegenseitig wieder\u00adzufinden, aufzukl\u00e4ren von Mensch zu Mensch, immer daran zu denken und sich keine Ruhe zu geben, bis auch der letzte von der \u00e4u\u00dfersten Notwendigkeit seines K\u00e4mpfens wider dieses System \u00fcberzeugt ist. Wenn so eine Welle des Aufruhrs durch das Land geht, wenn \u201ees in der Luft liegt\u201c: wenn viele mitmachen, dann kann in\u202feiner letzten, gewaltigen Anstrengung dieses System abgesch\u00fcttelt werden. Ein Ende mit Schrecken ist immer noch besser, als ein Schrecken ohne Ende.<\/p>\n\n\n\n<p>Es ist uns nicht gegeben, ein endg\u00fcltiges Urteil \u00fcber den Sinn unserer Geschichte zu f\u00e4llen. Aber wenn diese Katastrophe uns zum Heile dienen soll, so doch nur dadurch: Durch das Leid gereinigt zu werden, aus der tiefsten Nacht heraus das Licht zu ersehnen, sich aufzuraffen und endlich mitzuhelfen, das Joch abzusch\u00fctteln, das die Welt bedr\u00fcckt.<\/p>\n\n\n\n<p>Nicht \u00fcber die Judenfrage wollen wir in diesem Blatte schreiben, keine Verteidigungsrede ver\u00adfassen \u2013 nein, nur als Beispiel wollen wir die Tatsache kurz anf\u00fchren, die Tatsache, da\u00df seit der Eroberung Polens&nbsp;<em>dreihunderttausend<\/em>&nbsp;Juden in diesem Land auf bestialische Art ermordet worden sind. Hier sehen wir das f\u00fcrchterlichste Verbrechen an der W\u00fcrde des Menschen, ein Verbrechen, dem sich kein \u00e4hnliches in der ganzen Menschengeschichte an die Seite stellen kann. Auch die Juden sind doch Menschen \u2013 man mag sich zur Judenfrage stellen wie man will \u2013 und an Menschen wurde solches ver\u00fcbt. Vielleicht sagt jemand, die Juden h\u00e4tten ein solches Schicksal verdient, diese Behauptung w\u00e4re eine ungeheure Anma\u00dfung; aber angenommen, es sagte jemand dies, wie stellt er sich dann zu der Tatsache, da\u00df die gesamte polnische adelige Jugend vernichtet worden ist (G\u00e4be Gott, da\u00df sie es noch nicht ist!)? Auf welche Art, fragen sie, ist solches geschehen? Alle m\u00e4nnlichen Spr\u00f6\u00dflinge aus adeligen Ge\u00adschlechtern zwischen 15 und 20 Jahren wurden in Konzentrations\u00adlager nach Deutschland zu Zwangsarbeit, alle M\u00e4dchen gleichen Alters nach Norwegen in die Bordelle der SS verschleppt. Wozu wir dies Ihnen alles erz\u00e4hlen, da Sie es schon selber wissen, wenn nicht diese, so andere gleich schwere Verbrechen des f\u00fcrchterlichen Untermenschentums? Weil hier eine Frage ber\u00fchrt wird, die uns alle zutiefst angeht und allen zu denken geben&nbsp;<em>mu\u00df<\/em>. Warum verh\u00e4lt sich das deutsche Volk angesichts all dieser scheu\u00dflichsten, menschenunw\u00fcrdigsten Verbrechen so\u202fapathisch? Kaum irgendjemand macht sich Gedanken dar\u00fcber. Die Tatsache wird als solche hingenommen und ad acta gelegt. Und wieder schl\u00e4ft das deutsche Volk in seinem stumpfen, bl\u00f6den Schlaf weiter und gibt diesen faschistischen Verbrechern Mut und Gelegenheit weiterzuw\u00fcten \u2013 und diese tun es. Sollte dies ein \u00adZeichen daf\u00fcr sein, da\u00df die Deutschen in ihren primitivsten menschlichen Gef\u00fchlen verroht sind, da\u00df keine Saite in ihnen schrill aufschreit im Angesicht solcher Taten, da\u00df sie in einen t\u00f6d\u00adlichen Schlaf versunken sind, aus dem es kein Erwachen mehr gibt, nie, niemals? Es scheint so\u202fund ist es bestimmt, wenn der Deutsche nicht endlich aus dieser Dumpfheit auff\u00e4hrt, wenn er nicht protestiert, wo immer er nur kann gegen diese Verbrecherclique, wenn er mit diesen Hunderttausenden von Opfern nicht mitleidet. Und nicht nur Mitleid mu\u00df er empfinden, nein, noch viel mehr:&nbsp;<em>Mitschuld<\/em>. Denn er gibt durch sein apathisches Verhalten diesen dunklen Menschen erst die M\u00f6glichkeit, so zu handeln, er \u00adleidet diese \u201eRegierung\u201c, die eine so unendliche Schuld auf sich geladen hat, ja, er ist doch selbst schuld daran, da\u00df sie \u00fcberhaupt entstehen konnte! Ein jeder will sich von einer solchen Mitschuld freisprechen, ein jeder tut es und schl\u00e4ft dann wieder mit ruhigstem, bestem Gewissen. Aber er kann sich nicht freisprechen, ein jeder ist&nbsp;<em>schuldig, schuldig, schuldig<\/em>! Doch ist es noch nicht zu sp\u00e4t, diese abscheulichste aller Mi\u00df\u00adgeburten von Regierungen aus der Welt zu schaffen, um nicht noch mehr Schuld auf sich zu laden. Jetzt, da uns in den letzten Jahren die Augen vollkommen ge\u00f6ffnet worden sind, da wir wissen, mit wem wir es zu tun haben, jetzt ist es allerh\u00f6chste Zeit, diese braune Horde auszurotten. Bis zum Ausbruch des Krieges war der gr\u00f6\u00dfte Teil\u202fdes deutschen Volkes geblendet, die National\u00adsozialisten zeigten sich nicht in ihrer wahren Gestalt, doch jetzt, da man sie erkannt hat, mu\u00df es die einzige und h\u00f6chste Pflicht, ja heiligste Pflicht eines jeden Deutschen sein, diese Bestien zu vertilgen!<\/p>\n\n\n\n<p>\u201eDer, des Verwaltung unauff\u00e4llig ist, des Volk ist froh. Der, des Verwaltung aufdringlich<br>ist, des Volk ist gebrochen. Elend, ach, ist es, worauf Gl\u00fcck sich aufbaut. Gl\u00fcck, ach, verschleiert nur Elend. Wo soll das hinaus? Das Ende ist nicht abzusehen. Das Geordnete verkehrt sich in Unordnung, das Gute verkehrt sich in Schlechtes. Das Volk ger\u00e4t in Verwirrung. Ist es nicht so t\u00e4glich seit langem? Daher ist der Hohe Mensch rechteckig,<br>aber er st\u00f6\u00dft nicht an, er ist kantig, aber verletzt nicht, er ist aufrecht, aber nicht schroff. Er ist klar, aber will nicht gl\u00e4nzen.\u201c<br>Lao-tse.<\/p>\n\n\n\n<p>\u201eWer unternimmt, das Reich zu beherrschen, und es nach seiner Willk\u00fcr zu gestalten; ich sehe ihn sein Ziel nicht erreichen; das ist alles\u201c.<br>\u201eDas Reich ist ein lebendiger Organismus; es kann nicht gemacht werden, wahrlich! Wer daran machen will, verdirbt es, wer sich seiner bem\u00e4chtigen will, verliert es\u201c.<br>Daher: \u201eVon den Wesen gehen manche vorauf, andere folgen ihnen, manche atmen warm, \u00admanche kalt, manche sind stark, manche schwach, manche erlangen F\u00fclle, andere unterliegen\u201c.<br>\u201eDer hohe Mensch daher l\u00e4\u00dft ab von \u00dcber\u00adtriebenheit, l\u00e4\u00dft ab von \u00dcberhebung, l\u00e4\u00dft ab von \u00dcbergriffen\u201c.<br>Lao-tse<\/p>\n\n\n\n<p>Wir bitten, diese Schrift mit m\u00f6glichst vielen Durchschl\u00e4gen abzuschreiben und weiterzuverteilen.<\/p>\n","protected":false},"excerpt":{"rendered":"<p>This is the second leaflet written and distributed by the White Rose between 27 June and 12 July 1942. It includes quotations by the ancient Chinese philosopher Lao Tzu. Flugbl\u00e4tter der Wei\u00dfen Rose II Man kann sich mit dem Nationalsozialismus geistig nicht auseinandersetzen, weil er ungeistig ist. Es ist falsch, wenn man von einer nationalsozialistischen &hellip; <\/p>\n","protected":false},"author":2,"featured_media":0,"parent":0,"menu_order":0,"comment_status":"closed","ping_status":"closed","template":"","meta":{"footnotes":""},"class_list":["post-2812","page","type-page","status-publish","hentry"],"jetpack_sharing_enabled":true,"_links":{"self":[{"href":"https:\/\/whiteroseproject.seh.ox.ac.uk\/index.php\/wp-json\/wp\/v2\/pages\/2812","targetHints":{"allow":["GET"]}}],"collection":[{"href":"https:\/\/whiteroseproject.seh.ox.ac.uk\/index.php\/wp-json\/wp\/v2\/pages"}],"about":[{"href":"https:\/\/whiteroseproject.seh.ox.ac.uk\/index.php\/wp-json\/wp\/v2\/types\/page"}],"author":[{"embeddable":true,"href":"https:\/\/whiteroseproject.seh.ox.ac.uk\/index.php\/wp-json\/wp\/v2\/users\/2"}],"replies":[{"embeddable":true,"href":"https:\/\/whiteroseproject.seh.ox.ac.uk\/index.php\/wp-json\/wp\/v2\/comments?post=2812"}],"version-history":[{"count":2,"href":"https:\/\/whiteroseproject.seh.ox.ac.uk\/index.php\/wp-json\/wp\/v2\/pages\/2812\/revisions"}],"predecessor-version":[{"id":2815,"href":"https:\/\/whiteroseproject.seh.ox.ac.uk\/index.php\/wp-json\/wp\/v2\/pages\/2812\/revisions\/2815"}],"wp:attachment":[{"href":"https:\/\/whiteroseproject.seh.ox.ac.uk\/index.php\/wp-json\/wp\/v2\/media?parent=2812"}],"curies":[{"name":"wp","href":"https:\/\/api.w.org\/{rel}","templated":true}]}}