{"id":2824,"date":"2022-02-08T11:43:30","date_gmt":"2022-02-08T11:43:30","guid":{"rendered":"http:\/\/whiteroseproject.seh.ox.ac.uk\/?page_id=2824"},"modified":"2022-02-08T11:43:30","modified_gmt":"2022-02-08T11:43:30","slug":"the-sixth-leaflet","status":"publish","type":"page","link":"https:\/\/whiteroseproject.seh.ox.ac.uk\/index.php\/the-sixth-leaflet\/","title":{"rendered":"The Sixth Leaflet"},"content":{"rendered":"\n<p>The sixth leaflet was written and distributed in February 1943. <\/p>\n\n\n\n<h4 class=\"wp-block-heading\" id=\"kommilitoninnen-kommilitonen\">Kommilitoninnen! Kommilitonen!<\/h4>\n\n\n\n<p>Ersch\u00fcttert steht unser Volk vor dem Untergang der M\u00e4nner von Stalingrad. Dreihundertdrei\u00dfigtausend deutsche M\u00e4nner hat die geniale \u00adStrategie des Weltkriegsgefreiten sinn- und \u00adverantwortungslos in Tod und Verderben gehetzt. F\u00fchrer, wir danken dir!<\/p>\n\n\n\n<p>Es g\u00e4rt im deutschen Volk: Wollen wir weiter einem Dilettanten das Schicksal unserer Armeen anvertrauen? Wollen wir den niedrigen Macht\u00adinstinken einer Parteiclique den Rest der deutschen Jugend opfern? Nimmermehr.<\/p>\n\n\n\n<p>Der&nbsp;<em>Tag der Abrechnung ist gekommen<\/em>, der Abrechnung unserer deutschen Jugend mit der verabscheuungsw\u00fcrdigsten Tyrannis, die unser Volk je erduldet hat. Im Namen der ganzen deutschen Jugend fordern wir von dem Staat Adolf Hitlers die pers\u00f6nliche Freiheit, das kostbarste Gut des Deutschen zur\u00fcck, um das er uns in der erb\u00e4rmlichsten Weise betrogen hat.<\/p>\n\n\n\n<p>In einem Staat r\u00fccksichtsloser Knebelung jeder freien Meinungs\u00e4u\u00dferung sind wir aufgewachsen. HJ, SA, SS haben uns in den fruchtbarsten Bildungsjahren unseres Lebens zu uniformieren, zu revolutionieren, zu narkotisieren versucht. \u201eWeltanschauliche Schulung\u201d hie\u00df die ver\u00e4cht\u00adliche Methode, das aufkeimende Selbstdenken und Selbstwerten in einem Nebel leerer Phrasen zu ersticken. Eine F\u00fchrerauslese, wie sie teuf\u00adlischer und bornierter zugleich nicht gedacht werden kann, zieht ihre k\u00fcnftigen Parteibonzen auf Ordensburgen zu gottlosen, schamlosen und gewissenlosen Ausbeutern und Mordbuben heran, zur blinden, stupiden F\u00fchrergefolgschaft. Wir \u201eArbeiter des Geistes\u201c w\u00e4ren gerade recht, dieser neuen Herrenschicht den Kn\u00fcppel zu machen. Frontk\u00e4mpfer werden von Studentenf\u00fchrern und Gauleiteraspiranten wie Schuljungen gema\u00dfregelt, Gauleiter greifen mit geilen Sp\u00e4\u00dfen den Studentinnen an die Ehre.&nbsp;<em>Deutsche Studentinnen haben an der M\u00fcnchner Hochschule auf die Besudelung ihrer Ehre eine w\u00fcrdige \u00adAntwort gegeben<\/em>, deutsche Studenten haben sich f\u00fcr ihre\u202fKameradinnen eingesetzt und standgehalten. Das\u202fist ein Anfang zur Erk\u00e4mpfung unserer freien Selbst\u00adbestimmung, ohne die geistige Werte nicht\u202fgeschaffen werden k\u00f6nnen. Unser Dank gilt den\u202ftapferen Kameradinnen und Kameraden, die mit leuchtendem Beispiel vorangegangen sind!<\/p>\n\n\n\n<p>Es gibt f\u00fcr uns nur eine Parole: Kampf gegen die Partei! Heraus aus den Parteigliederungen, in denen man uns politisch weiter mundtot halten will! Heraus aus den H\u00f6rs\u00e4len der SS-, Unter- oder Oberf\u00fchrer und Parteikriecher! Es geht uns um die wahre Wissenschaft und echte Geistesfreiheit! Kein Drohmittel kann uns schrecken, auch nicht die Schlie\u00dfung unserer Hochschulen. Es gilt den Kampf jedes einzelnen von uns um unsere Zukunft, unsere Freiheit und Ehre in einem seiner sittlichen Verantwortung bewu\u00dften Staatswesen.<\/p>\n\n\n\n<p>Freiheit und Ehre! Zehn lange Jahre haben \u00adHitler und seine Genossen die beiden herrlichen deutsche Worte bis zum Ekel ausgequetscht, abgedroschen, verdreht, wie es nur Dilettanten ver\u00adm\u00f6gen, die die h\u00f6chsten Werte einer Nation vor die S\u00e4ue werfen. Was ihnen Freiheit und Ehre gilt, haben sie in zehn Jahren der Zerst\u00f6rung aller materiellen und geistigen Freiheit, aller sittlichen Substanz im deutschen Volk genugsam gezeigt. Auch dem d\u00fcmmsten Deutschen hat das furchtbare Blutbad die Augen ge\u00f6ffnet, das sie im Namen von Freiheit und Ehre der deutschen Nation in ganz Europa angerichtet haben und t\u00e4glich neu an richten. Der deutsche Name bleibt f\u00fcr immer gesch\u00e4ndet, wenn nicht die deutsche Jugend endlich aufsteht, r\u00e4cht und s\u00fchnt zugleich, seine Peiniger zerschmettert und ein neues, \u00adgeistiges Europa aufrichtet.&nbsp;<em>Studentinnen! Studenten! Auf uns sieht das deutsche Volk!<\/em>&nbsp;Von uns erwartet es, wie 1813 die Brechung des Napoleonischen, so 1943 die \u00adBrechung des nationalsozialistischen Terrors aus der Macht des Geistes.<\/p>\n\n\n\n<p>Beresina und Stalingrad flammen im Osten auf, die Toten von Stalingrad beschw\u00f6ren uns!<\/p>\n\n\n\n<p>\u201eFrisch auf, mein Volk, die Flammenzeichen rauchen!\u201c<\/p>\n\n\n\n<p>Unser Volk steht im Aufbruch gegen die Ver\u00adknech\u00adtung Europas durch den Nationalsozialismus, im neuen gl\u00e4ubigen Durchbruch von Freiheit und Ehre!<\/p>\n","protected":false},"excerpt":{"rendered":"<p>The sixth leaflet was written and distributed in February 1943. Kommilitoninnen! Kommilitonen! Ersch\u00fcttert steht unser Volk vor dem Untergang der M\u00e4nner von Stalingrad. Dreihundertdrei\u00dfigtausend deutsche M\u00e4nner hat die geniale \u00adStrategie des Weltkriegsgefreiten sinn- und \u00adverantwortungslos in Tod und Verderben gehetzt. F\u00fchrer, wir danken dir! Es g\u00e4rt im deutschen Volk: Wollen wir weiter einem Dilettanten das &hellip; <\/p>\n","protected":false},"author":2,"featured_media":0,"parent":0,"menu_order":0,"comment_status":"closed","ping_status":"closed","template":"","meta":{"footnotes":""},"class_list":["post-2824","page","type-page","status-publish","hentry"],"jetpack_sharing_enabled":true,"_links":{"self":[{"href":"https:\/\/whiteroseproject.seh.ox.ac.uk\/index.php\/wp-json\/wp\/v2\/pages\/2824","targetHints":{"allow":["GET"]}}],"collection":[{"href":"https:\/\/whiteroseproject.seh.ox.ac.uk\/index.php\/wp-json\/wp\/v2\/pages"}],"about":[{"href":"https:\/\/whiteroseproject.seh.ox.ac.uk\/index.php\/wp-json\/wp\/v2\/types\/page"}],"author":[{"embeddable":true,"href":"https:\/\/whiteroseproject.seh.ox.ac.uk\/index.php\/wp-json\/wp\/v2\/users\/2"}],"replies":[{"embeddable":true,"href":"https:\/\/whiteroseproject.seh.ox.ac.uk\/index.php\/wp-json\/wp\/v2\/comments?post=2824"}],"version-history":[{"count":1,"href":"https:\/\/whiteroseproject.seh.ox.ac.uk\/index.php\/wp-json\/wp\/v2\/pages\/2824\/revisions"}],"predecessor-version":[{"id":2825,"href":"https:\/\/whiteroseproject.seh.ox.ac.uk\/index.php\/wp-json\/wp\/v2\/pages\/2824\/revisions\/2825"}],"wp:attachment":[{"href":"https:\/\/whiteroseproject.seh.ox.ac.uk\/index.php\/wp-json\/wp\/v2\/media?parent=2824"}],"curies":[{"name":"wp","href":"https:\/\/api.w.org\/{rel}","templated":true}]}}